{"id":355,"date":"2025-06-10T11:35:56","date_gmt":"2025-06-10T09:35:56","guid":{"rendered":"http:\/\/localhost:8888\/wordpress\/?page_id=355"},"modified":"2025-06-23T14:39:58","modified_gmt":"2025-06-23T12:39:58","slug":"mentions-legales","status":"publish","type":"page","link":"https:\/\/clothildegonzalez-sophrologue.fr\/index.php\/mentions-legales\/","title":{"rendered":"Mentions L\u00e9gales"},"content":{"rendered":"\t\t<div data-elementor-type=\"wp-page\" data-elementor-id=\"355\" class=\"elementor elementor-355\">\n\t\t\t\t<div class=\"aux-parallax-section elementor-element elementor-element-1baa452a e-flex e-con-boxed e-con e-parent\" data-id=\"1baa452a\" data-element_type=\"container\" data-e-type=\"container\">\n\t\t\t\t\t<div class=\"e-con-inner\">\n\t\t\t\t<div class=\"elementor-element elementor-element-18d2de74 elementor-widget elementor-widget-text-editor\" data-id=\"18d2de74\" data-element_type=\"widget\" data-e-type=\"widget\" data-widget_type=\"text-editor.default\">\n\t\t\t\t<div class=\"elementor-widget-container\">\n\t\t\t\t\t\t\t\t\t<h2 class=\"wp-block-heading\"><span style=\"color: #ffe5e0;\">Mentions L\u00e9gales<\/span><\/h2>\n<p><!-- \/wp:heading --><!-- wp:paragraph --><\/p>\n<p><span style=\"font-weight: 400;\">Conform\u00e9ment aux dispositions de la loi n\u00b0 2004-575 du 21 juin 2004 pour la confiance en l&rsquo;\u00e9conomie num\u00e9rique, il est pr\u00e9cis\u00e9 aux utilisateur\u00b7ices du site Clothilde Gonzalez &#8211; Sophrologue l&rsquo;identit\u00e9 des diff\u00e9rents intervenants dans le cadre de sa r\u00e9alisation et de son suivi.<\/span><\/p>\n<p>\u00a0<\/p>\n<p><!-- \/wp:paragraph --><!-- wp:heading --><\/p>\n<h4 class=\"font_3 wixui-rich-text__text\" style=\"caret-color: #000000; letter-spacing: normal; background-image: none; background-position: 0% 0%; background-size: auto; background-repeat: repeat; background-attachment: scroll; background-origin: padding-box; background-clip: border-box; border: 0px; outline: 0px; padding: 0px; vertical-align: baseline; pointer-events: auto; font-size: 15px; margin-block: 0px; margin: 0px; text-align: justify;\"><span class=\"wixui-rich-text__text\" style=\"background-image: none; background-position: 0% 0%; background-size: auto; background-repeat: repeat; background-attachment: scroll; background-origin: padding-box; background-clip: border-box; border: 0px; margin: 0px; outline: 0px; padding: 0px; vertical-align: top;\"><span class=\"color_33 wixui-rich-text__text\" style=\"background-image: none; background-position: 0% 0%; background-size: auto; background-repeat: repeat; background-attachment: scroll; background-origin: padding-box; background-clip: border-box; border: 0px; margin: 0px; outline: 0px; padding: 0px; vertical-align: baseline;\">Edition du site<\/span><\/span><\/h4>\n<p><!-- \/wp:heading --><!-- wp:paragraph --><\/p>\n<p class=\"font_3 wixui-rich-text__text\" style=\"caret-color: #000000; letter-spacing: normal; background-image: none; background-position: 0% 0%; background-size: auto; background-repeat: repeat; background-attachment: scroll; background-origin: padding-box; background-clip: border-box; border: 0px; outline: 0px; padding: 0px; vertical-align: baseline; pointer-events: auto; font-size: 15px; margin-block: 0px; margin: 0px; text-align: justify;\">Le pr\u00e9sent site, accessible \u00e0 l\u2019URL http:\/\/clothildegonzalez-sophrologue.fr (le \u00ab Site \u00bb), est \u00e9dit\u00e9 par :<br \/>Clothilde Gonzalez, r\u00e9sidant 5 Boulevard de la F\u00e9d\u00e9ration 13004 Marseille.<\/p>\n<p>\u00a0<\/p>\n<p><!-- \/wp:heading --><!-- wp:paragraph --><\/p>\n<p><!-- \/wp:paragraph --><!-- wp:heading --><\/p>\n<h4 class=\"font_3 wixui-rich-text__text\" style=\"caret-color: #000000; letter-spacing: normal; background-image: none; background-position: 0% 0%; background-size: auto; background-repeat: repeat; background-attachment: scroll; background-origin: padding-box; background-clip: border-box; border: 0px; outline: 0px; padding: 0px; vertical-align: baseline; pointer-events: auto; font-size: 15px; margin-block: 0px; margin: 0px; text-align: justify;\"><span class=\"wixui-rich-text__text\" style=\"background-image: none; background-position: 0% 0%; background-size: auto; background-repeat: repeat; background-attachment: scroll; background-origin: padding-box; background-clip: border-box; border: 0px; margin: 0px; outline: 0px; padding: 0px; vertical-align: top;\"><span class=\"color_33 wixui-rich-text__text\" style=\"background-image: none; background-position: 0% 0%; background-size: auto; background-repeat: repeat; background-attachment: scroll; background-origin: padding-box; background-clip: border-box; border: 0px; margin: 0px; outline: 0px; padding: 0px; vertical-align: baseline;\">H\u00e9bergement<br \/><\/span><\/span><\/h4>\n<p><!-- \/wp:heading --><!-- wp:paragraph --><\/p>\n<p>Le Site est h\u00e9berg\u00e9 par la soci\u00e9t\u00e9 OVH SAS, situ\u00e9 2 rue Kellermann &#8211; BP 80157 &#8211; 59053 Roubaix Cedex 1, (contact t\u00e9l\u00e9phonique ou email : 1007).<\/p>\n<p>\u00a0<\/p>\n<p><!-- \/wp:paragraph --><!-- wp:heading --><\/p>\n<h4 class=\"font_3 wixui-rich-text__text\" style=\"caret-color: #000000; letter-spacing: normal; background-image: none; background-position: 0% 0%; background-size: auto; background-repeat: repeat; background-attachment: scroll; background-origin: padding-box; background-clip: border-box; border: 0px; outline: 0px; padding: 0px; vertical-align: baseline; pointer-events: auto; font-size: 15px; margin-block: 0px; margin: 0px; text-align: justify;\"><span class=\"wixui-rich-text__text\" style=\"background-image: none; background-position: 0% 0%; background-size: auto; background-repeat: repeat; background-attachment: scroll; background-origin: padding-box; background-clip: border-box; border: 0px; margin: 0px; outline: 0px; padding: 0px; vertical-align: top;\"><span class=\"color_33 wixui-rich-text__text\" style=\"background-image: none; background-position: 0% 0%; background-size: auto; background-repeat: repeat; background-attachment: scroll; background-origin: padding-box; background-clip: border-box; border: 0px; margin: 0px; outline: 0px; padding: 0px; vertical-align: baseline;\">Directrice de la publication\u00a0<br \/><\/span><\/span><\/h4>\n<p><!-- \/wp:heading --><!-- wp:paragraph --><\/p>\n<p>La Directrice de la publication du Site est Clothilde Gonzalez.<\/p>\n<p>\u00a0<\/p>\n<p><!-- \/wp:paragraph --><!-- wp:paragraph --><!-- \/wp:paragraph --><!-- wp:paragraph --><!-- \/wp:paragraph --><!-- wp:heading --><\/p>\n<h4 class=\"font_3 wixui-rich-text__text\" style=\"caret-color: #000000; letter-spacing: normal; background-image: none; background-position: 0% 0%; background-size: auto; background-repeat: repeat; background-attachment: scroll; background-origin: padding-box; background-clip: border-box; border: 0px; outline: 0px; padding: 0px; vertical-align: baseline; pointer-events: auto; font-size: 15px; margin-block: 0px; margin: 0px; text-align: justify;\"><span class=\"wixui-rich-text__text\" style=\"background-image: none; background-position: 0% 0%; background-size: auto; background-repeat: repeat; background-attachment: scroll; background-origin: padding-box; background-clip: border-box; border: 0px; margin: 0px; outline: 0px; padding: 0px; vertical-align: top;\"><span class=\"color_33 wixui-rich-text__text\" style=\"background-image: none; background-position: 0% 0%; background-size: auto; background-repeat: repeat; background-attachment: scroll; background-origin: padding-box; background-clip: border-box; border: 0px; margin: 0px; outline: 0px; padding: 0px; vertical-align: baseline;\">Nous Contacter<br \/><\/span><\/span><\/h4>\n<p><!-- \/wp:heading --><!-- wp:paragraph --><\/p>\n<p>Par t\u00e9l\u00e9phone : +33622997282<br \/>Par courrier : 5 Boulevard de la F\u00e9d\u00e9ration 13004 Marseille<br \/><br \/><\/p>\n<p><!-- \/wp:paragraph --><!-- wp:paragraph --><!-- \/wp:paragraph --><!-- wp:heading --><\/p>\n<h4 class=\"font_3 wixui-rich-text__text\" style=\"caret-color: #000000; letter-spacing: normal; background-image: none; background-position: 0% 0%; background-size: auto; background-repeat: repeat; background-attachment: scroll; background-origin: padding-box; background-clip: border-box; border: 0px; outline: 0px; padding: 0px; vertical-align: baseline; pointer-events: auto; font-size: 15px; margin-block: 0px; margin: 0px; text-align: justify;\"><span class=\"wixui-rich-text__text\" style=\"background-image: none; background-position: 0% 0%; background-size: auto; background-repeat: repeat; background-attachment: scroll; background-origin: padding-box; background-clip: border-box; border: 0px; margin: 0px; outline: 0px; padding: 0px; vertical-align: top;\"><span class=\"color_33 wixui-rich-text__text\" style=\"background-image: none; background-position: 0% 0%; background-size: auto; background-repeat: repeat; background-attachment: scroll; background-origin: padding-box; background-clip: border-box; border: 0px; margin: 0px; outline: 0px; padding: 0px; vertical-align: baseline;\">Donn\u00e9es personnelles<br \/><\/span><\/span><\/h4>\n<p><!-- \/wp:heading --><!-- wp:paragraph --><\/p>\n<p><span style=\"font-weight: 400;\">Le traitement de vos donn\u00e9es \u00e0 caract\u00e8re personnel est r\u00e9gi par notre Charte du respect de la vie priv\u00e9e, disponible depuis la section \u00ab\u00a0Politique des donn\u00e9es\u00a0\u00bb, conform\u00e9ment au R\u00e8glement G\u00e9n\u00e9ral sur la Protection des Donn\u00e9es 2016\/679 du 27 avril 2016 (\u00abRGPD\u00bb).<\/span><\/p>\n<h3 class=\"font_3 wixui-rich-text__text\" style=\"caret-color: #000000; letter-spacing: normal; background-image: none; background-position: 0% 0%; background-size: auto; background-repeat: repeat; background-attachment: scroll; background-origin: padding-box; background-clip: border-box; border: 0px; outline: 0px; padding: 0px; vertical-align: baseline; pointer-events: auto; font-size: 15px; margin-block: 0px; margin: 0px; text-align: justify;\"><span class=\"wixui-rich-text__text\" style=\"background-image: none; background-position: 0% 0%; background-size: auto; background-repeat: repeat; background-attachment: scroll; background-origin: padding-box; background-clip: border-box; border: 0px; margin: 0px; outline: 0px; padding: 0px; vertical-align: top;\"><span class=\"color_33 wixui-rich-text__text\" style=\"background-image: none; background-position: 0% 0%; background-size: auto; background-repeat: repeat; background-attachment: scroll; background-origin: padding-box; background-clip: border-box; border: 0px; margin: 0px; outline: 0px; padding: 0px; vertical-align: baseline;\">\u00a0<\/span><\/span><\/h3>\n<h4 class=\"font_3 wixui-rich-text__text\" style=\"caret-color: #000000; letter-spacing: normal; background-image: none; background-position: 0% 0%; background-size: auto; background-repeat: repeat; background-attachment: scroll; background-origin: padding-box; background-clip: border-box; border: 0px; outline: 0px; padding: 0px; vertical-align: baseline; pointer-events: auto; font-size: 15px; margin-block: 0px; margin: 0px; text-align: justify;\"><span class=\"wixui-rich-text__text\" style=\"background-image: none; background-position: 0% 0%; background-size: auto; background-repeat: repeat; background-attachment: scroll; background-origin: padding-box; background-clip: border-box; border: 0px; margin: 0px; outline: 0px; padding: 0px; vertical-align: top;\"><span class=\"color_33 wixui-rich-text__text\" style=\"background-image: none; background-position: 0% 0%; background-size: auto; background-repeat: repeat; background-attachment: scroll; background-origin: padding-box; background-clip: border-box; border: 0px; margin: 0px; outline: 0px; padding: 0px; vertical-align: baseline;\">Propri\u00e9t\u00e9 intellectuelle<br \/><br \/><\/span><\/span><\/h4>\n<p class=\"font_8 wixui-rich-text__text\" style=\"caret-color: #000000; background-image: none; background-position: 0% 0%; background-size: auto; background-repeat: repeat; background-attachment: scroll; background-origin: padding-box; background-clip: border-box; border: 0px; outline: 0px; padding: 0px; vertical-align: baseline; pointer-events: auto; font-size: 15px; margin-block: 0px; margin-bottom: 0px; text-align: justify;\"><span class=\"color_33 wixui-rich-text__text\" style=\"background-image: none; background-position: 0% 0%; background-size: auto; background-repeat: repeat; background-attachment: scroll; background-origin: padding-box; background-clip: border-box; border: 0px; margin: 0px; outline: 0px; padding: 0px; vertical-align: top;\"><span class=\"wixui-rich-text__text\" style=\"background-image: none; background-position: 0% 0%; background-size: auto; background-repeat: repeat; background-attachment: scroll; background-origin: padding-box; background-clip: border-box; border: 0px; margin: 0px; outline: 0px; padding: 0px; vertical-align: baseline;\">L\u2019ensemble de ce site rel\u00e8ve de la l\u00e9gislation fran\u00e7aise et internationale sur le droit d\u2019auteur et la propri\u00e9t\u00e9 intellectuelle. Tous les droits de reproduction sont r\u00e9serv\u00e9s, y compris pour les documents t\u00e9l\u00e9chargeables et les repr\u00e9sentations iconographiques et photographiques.<\/span><\/span><\/p>\n<p class=\"font_8 wixui-rich-text__text\" style=\"caret-color: #000000; background-image: none; background-position: 0% 0%; background-size: auto; background-repeat: repeat; background-attachment: scroll; background-origin: padding-box; background-clip: border-box; border: 0px; outline: 0px; padding: 0px; vertical-align: baseline; pointer-events: auto; font-size: 15px; margin-block: 0px; margin-bottom: 0px; text-align: justify;\"><span class=\"color_33 wixui-rich-text__text\" style=\"background-image: none; background-position: 0% 0%; background-size: auto; background-repeat: repeat; background-attachment: scroll; background-origin: padding-box; background-clip: border-box; border: 0px; margin: 0px; outline: 0px; padding: 0px; vertical-align: top;\"><span class=\"wixui-rich-text__text\" style=\"background-image: none; background-position: 0% 0%; background-size: auto; background-repeat: repeat; background-attachment: scroll; background-origin: padding-box; background-clip: border-box; border: 0px; margin: 0px; outline: 0px; padding: 0px; vertical-align: baseline;\">La reproduction de tout ou partie de ce site sur un support \u00e9lectronique quel qu\u2019il soit est formellement interdite sauf autorisation expresse du directeur de la publication.<\/span><\/span><\/p>\n<p class=\"font_8 wixui-rich-text__text\" style=\"caret-color: #000000; background-image: none; background-position: 0% 0%; background-size: auto; background-repeat: repeat; background-attachment: scroll; background-origin: padding-box; background-clip: border-box; border: 0px; outline: 0px; padding: 0px; vertical-align: baseline; pointer-events: auto; font-size: 15px; margin-block: 0px; margin-bottom: 0px; text-align: justify;\"><span class=\"wixui-rich-text__text\" style=\"background-image: none; background-position: 0% 0%; background-size: auto; background-repeat: repeat; background-attachment: scroll; background-origin: padding-box; background-clip: border-box; border: 0px; margin: 0px; outline: 0px; padding: 0px; vertical-align: top;\"><span class=\"color_33 wixui-rich-text__text\" style=\"background-image: none; background-position: 0% 0%; background-size: auto; background-repeat: repeat; background-attachment: scroll; background-origin: padding-box; background-clip: border-box; border: 0px; margin: 0px; outline: 0px; padding: 0px; vertical-align: baseline;\">Les \u00e9l\u00e9ments figurant au sein du pr\u00e9sent site, tels que sons, images, photographies, vid\u00e9os, \u00e9crits, animations, programmes, charte graphique, utilitaires, bases de donn\u00e9es, logiciel, sont prot\u00e9g\u00e9s par les dispositions du Code de la propri\u00e9t\u00e9 intellectuelle et appartiennent \u00e0 Clothilde Gonzalez ou \u00e0 ses partenaires.<\/span><\/span><\/p>\n<p class=\"font_8 wixui-rich-text__text\" style=\"caret-color: #000000; background-image: none; background-position: 0% 0%; background-size: auto; background-repeat: repeat; background-attachment: scroll; background-origin: padding-box; background-clip: border-box; border: 0px; outline: 0px; padding: 0px; vertical-align: baseline; pointer-events: auto; font-size: 15px; margin-block: 0px; margin-bottom: 0px; text-align: justify;\"><span class=\"wixui-rich-text__text\" style=\"background-image: none; background-position: 0% 0%; background-size: auto; background-repeat: repeat; background-attachment: scroll; background-origin: padding-box; background-clip: border-box; border: 0px; margin: 0px; outline: 0px; padding: 0px; vertical-align: top;\"><span class=\"color_33 wixui-rich-text__text\" style=\"background-image: none; background-position: 0% 0%; background-size: auto; background-repeat: repeat; background-attachment: scroll; background-origin: padding-box; background-clip: border-box; border: 0px; margin: 0px; outline: 0px; padding: 0px; vertical-align: baseline;\">L\u2019utilisateur s\u2019interdit de porter atteinte aux droits de propri\u00e9t\u00e9 intellectuelle aff\u00e9rents \u00e0 ces \u00e9l\u00e9ments et notamment de les reproduire, repr\u00e9senter, modifier, adapter, traduire, d\u2019en extraire et\/ou r\u00e9utiliser une partie qualitativement ou quantitativement substantielle, \u00e0 l\u2019exclusion des actes n\u00e9cessaires \u00e0 leur usage normal et conforme.<\/span><\/span><\/p>\n<p class=\"font_8 wixui-rich-text__text\" style=\"caret-color: #000000; background-image: none; background-position: 0% 0%; background-size: auto; background-repeat: repeat; background-attachment: scroll; background-origin: padding-box; background-clip: border-box; border: 0px; outline: 0px; padding: 0px; vertical-align: baseline; pointer-events: auto; font-size: 15px; margin-block: 0px; margin-bottom: 0px; text-align: justify;\">\u00a0<\/p>\n<p class=\"font_8 wixui-rich-text__text\" style=\"caret-color: #000000; background-image: none; background-position: 0% 0%; background-size: auto; background-repeat: repeat; background-attachment: scroll; background-origin: padding-box; background-clip: border-box; border: 0px; outline: 0px; padding: 0px; vertical-align: baseline; pointer-events: auto; font-size: 15px; margin-block: 0px; margin-bottom: 0px; text-align: justify;\"><span class=\"wixui-rich-text__text\" style=\"background-image: none; background-position: 0% 0%; background-size: auto; background-repeat: repeat; background-attachment: scroll; background-origin: padding-box; background-clip: border-box; border: 0px; margin: 0px; outline: 0px; padding: 0px; vertical-align: top; font-size: 17px;\"><span class=\"wixui-rich-text__text\" style=\"background-image: none; background-position: 0% 0%; background-size: auto; background-repeat: repeat; background-attachment: scroll; background-origin: padding-box; background-clip: border-box; border: 0px; margin: 0px; outline: 0px; padding: 0px; vertical-align: baseline; font-family: fraunces, serif;\"><span class=\"color_33 wixui-rich-text__text\" style=\"background-image: none; background-position: 0% 0%; background-size: auto; background-repeat: repeat; background-attachment: scroll; background-origin: padding-box; background-clip: border-box; border: 0px; margin: 0px; outline: 0px; padding: 0px; vertical-align: baseline;\">\u00a0<\/span><\/span><\/span><\/p>\n<h4 class=\"font_8 wixui-rich-text__text\" style=\"caret-color: #000000; background-image: none; background-position: 0% 0%; background-size: auto; background-repeat: repeat; background-attachment: scroll; background-origin: padding-box; background-clip: border-box; border: 0px; outline: 0px; padding: 0px; vertical-align: baseline; pointer-events: auto; font-size: 15px; margin-block: 0px; margin-bottom: 0px; text-align: justify;\"><span class=\"wixui-rich-text__text\" style=\"background-image: none; background-position: 0% 0%; background-size: auto; background-repeat: repeat; background-attachment: scroll; background-origin: padding-box; background-clip: border-box; border: 0px; margin: 0px; outline: 0px; padding: 0px; vertical-align: top; font-size: 17px;\"><span class=\"wixui-rich-text__text\" style=\"background-image: none; background-position: 0% 0%; background-size: auto; background-repeat: repeat; background-attachment: scroll; background-origin: padding-box; background-clip: border-box; border: 0px; margin: 0px; outline: 0px; padding: 0px; vertical-align: baseline; font-family: fraunces, serif;\"><span class=\"color_33 wixui-rich-text__text\" style=\"background-image: none; background-position: 0% 0%; background-size: auto; background-repeat: repeat; background-attachment: scroll; background-origin: padding-box; background-clip: border-box; border: 0px; margin: 0px; outline: 0px; padding: 0px; vertical-align: baseline;\">M\u00e9diation :<br \/><br \/><\/span><\/span><\/span><\/h4>\n<p class=\"font_8 wixui-rich-text__text\" style=\"caret-color: #000000; background-image: none; background-position: 0% 0%; background-size: auto; background-repeat: repeat; background-attachment: scroll; background-origin: padding-box; background-clip: border-box; border: 0px; outline: 0px; padding: 0px; vertical-align: baseline; pointer-events: auto; font-size: 15px; margin-block: 0px; margin-bottom: 0px;\"><span class=\"color_33 wixui-rich-text__text\" style=\"background-image: none; background-position: 0% 0%; background-size: auto; background-repeat: repeat; background-attachment: scroll; background-origin: padding-box; background-clip: border-box; border: 0px; margin: 0px; outline: 0px; padding: 0px; vertical-align: top;\"><span class=\"wixui-rich-text__text\" style=\"background-image: none; background-position: 0% 0%; background-size: auto; background-repeat: repeat; background-attachment: scroll; background-origin: padding-box; background-clip: border-box; border: 0px; margin: 0px; outline: 0px; padding: 0px; vertical-align: baseline;\">\u00ab Conform\u00e9ment aux articles L.616-1 et R.616-1 du code de la consommation, nous proposons un dispositif de m\u00e9diation de la consommation.<\/span><\/span><\/p>\n<p class=\"font_8 wixui-rich-text__text\" style=\"caret-color: #000000; background-image: none; background-position: 0% 0%; background-size: auto; background-repeat: repeat; background-attachment: scroll; background-origin: padding-box; background-clip: border-box; border: 0px; outline: 0px; padding: 0px; vertical-align: baseline; pointer-events: auto; font-size: 15px; margin-block: 0px; margin-bottom: 0px;\"><span class=\"color_33 wixui-rich-text__text\" style=\"background-image: none; background-position: 0% 0%; background-size: auto; background-repeat: repeat; background-attachment: scroll; background-origin: padding-box; background-clip: border-box; border: 0px; margin: 0px; outline: 0px; padding: 0px; vertical-align: top;\"><span class=\"wixui-rich-text__text\" style=\"background-image: none; background-position: 0% 0%; background-size: auto; background-repeat: repeat; background-attachment: scroll; background-origin: padding-box; background-clip: border-box; border: 0px; margin: 0px; outline: 0px; padding: 0px; vertical-align: baseline;\">L&rsquo;entit\u00e9 de m\u00e9diation retenue est : CNPM M\u00c9DIATION CONSOMMATION.<\/span><\/span><\/p>\n<p class=\"font_8 wixui-rich-text__text\" style=\"caret-color: #000000; background-image: none; background-position: 0% 0%; background-size: auto; background-repeat: repeat; background-attachment: scroll; background-origin: padding-box; background-clip: border-box; border: 0px; outline: 0px; padding: 0px; vertical-align: baseline; pointer-events: auto; font-size: 15px; margin-block: 0px; margin-bottom: 0px;\"><span class=\"color_33 wixui-rich-text__text\" style=\"background-image: none; background-position: 0% 0%; background-size: auto; background-repeat: repeat; background-attachment: scroll; background-origin: padding-box; background-clip: border-box; border: 0px; margin: 0px; outline: 0px; padding: 0px; vertical-align: top;\"><span class=\"wixui-rich-text__text\" style=\"background-image: none; background-position: 0% 0%; background-size: auto; background-repeat: repeat; background-attachment: scroll; background-origin: padding-box; background-clip: border-box; border: 0px; margin: 0px; outline: 0px; padding: 0px; vertical-align: baseline;\">En cas de litige, vous pouvez d\u00e9poser votre r\u00e9clamation sur son site :\u00a0<span class=\"wixui-rich-text__text\" style=\"background-image: none; background-position: 0% 0%; background-size: auto; background-repeat: repeat; background-attachment: scroll; background-origin: padding-box; background-clip: border-box; border: 0px; margin: 0px; outline: 0px; padding: 0px; vertical-align: baseline; text-decoration: underline;\"><a class=\"wixui-rich-text__text\" style=\"background-image: none; background-position: 0% 0%; background-size: auto; background-repeat: repeat; background-attachment: scroll; background-origin: padding-box; background-clip: border-box; border-width: 0px; border-style: none; outline: 0px; vertical-align: baseline; cursor: pointer; color: #444444;\" href=\"https:\/\/cnpm-mediation-consommation.eu\/\" target=\"_blank\" rel=\"noreferrer noopener\">https:\/\/cnpm-mediation-consommation.eu<\/a><\/span>\u00a0ou par voie postale en \u00e9crivant \u00e0 CNPM M\u00c9DIATION CONSOMMATION &#8211; 27, avenue de la Lib\u00e9ration &#8211; 42400 Saint-Chamond \u00bb<\/span><\/span><\/p>\n<p><!-- \/wp:paragraph --><!-- wp:heading --><\/p>\t\t\t\t\t\t\t\t<\/div>\n\t\t\t\t<\/div>\n\t\t\t\t\t<\/div>\n\t\t\t\t<\/div>\n\t\t\t\t<\/div>\n\t\t","protected":false},"excerpt":{"rendered":"<p>Mentions L\u00e9gales Conform\u00e9ment aux dispositions de la loi n\u00b0 2004-575 du 21 juin 2004 pour la confiance en l&rsquo;\u00e9conomie num\u00e9rique, il est pr\u00e9cis\u00e9 aux utilisateur\u00b7ices du site Clothilde Gonzalez &#8211; Sophrologue l&rsquo;identit\u00e9 des diff\u00e9rents intervenants dans le cadre de sa r\u00e9alisation et de son suivi. \u00a0 Edition du site Le pr\u00e9sent site, accessible \u00e0 l\u2019URL [&hellip;]<\/p>\n","protected":false},"author":1,"featured_media":0,"parent":0,"menu_order":0,"comment_status":"closed","ping_status":"closed","template":"","meta":{"_monsterinsights_skip_tracking":false,"_monsterinsights_sitenote_active":false,"_monsterinsights_sitenote_note":"","_monsterinsights_sitenote_category":0,"footnotes":""},"class_list":["post-355","page","type-page","status-publish","hentry"],"aioseo_notices":[],"_links":{"self":[{"href":"https:\/\/clothildegonzalez-sophrologue.fr\/index.php\/wp-json\/wp\/v2\/pages\/355","targetHints":{"allow":["GET"]}}],"collection":[{"href":"https:\/\/clothildegonzalez-sophrologue.fr\/index.php\/wp-json\/wp\/v2\/pages"}],"about":[{"href":"https:\/\/clothildegonzalez-sophrologue.fr\/index.php\/wp-json\/wp\/v2\/types\/page"}],"author":[{"embeddable":true,"href":"https:\/\/clothildegonzalez-sophrologue.fr\/index.php\/wp-json\/wp\/v2\/users\/1"}],"replies":[{"embeddable":true,"href":"https:\/\/clothildegonzalez-sophrologue.fr\/index.php\/wp-json\/wp\/v2\/comments?post=355"}],"version-history":[{"count":3,"href":"https:\/\/clothildegonzalez-sophrologue.fr\/index.php\/wp-json\/wp\/v2\/pages\/355\/revisions"}],"predecessor-version":[{"id":554,"href":"https:\/\/clothildegonzalez-sophrologue.fr\/index.php\/wp-json\/wp\/v2\/pages\/355\/revisions\/554"}],"wp:attachment":[{"href":"https:\/\/clothildegonzalez-sophrologue.fr\/index.php\/wp-json\/wp\/v2\/media?parent=355"}],"curies":[{"name":"wp","href":"https:\/\/api.w.org\/{rel}","templated":true}]}}